{"id":111,"date":"2025-12-30T20:08:33","date_gmt":"2025-12-30T19:08:33","guid":{"rendered":"https:\/\/nellypaboeufpsychanalyste.fr\/?page_id=111"},"modified":"2026-01-01T21:11:04","modified_gmt":"2026-01-01T20:11:04","slug":"mentions-legales","status":"publish","type":"page","link":"https:\/\/nellypaboeufpsychanalyste.fr\/?page_id=111","title":{"rendered":"Mentions L\u00e9gales"},"content":{"rendered":"\n<h2 class=\"wp-block-heading\">\u00c9diteur du site<\/h2>\n\n\n\n<p>Ce site est \u00e9dit\u00e9 par Nelly PABOEUF<br>Adresse<strong class=\"privacy-policy-tutorial\"> :<\/strong> 99 Bd Albert 1er &#8211; 33800 Bordeaux<br>T\u00e9l\u00e9phone : +33 6 32 67 58 39<br>Num\u00e9ro de SIRET : 98760582100014<br>Courriel : contact@nellypaboeufpsychanalyste.fr<\/p>\n\n\n\n<h2 class=\"wp-block-heading\">H\u00e9bergeur<\/h2>\n\n\n\n<p>Gandi SAS<br>63, 65 Boulevard Massena<br>75013 Paris<br>France<br>Tel : +33170377661<\/p>\n\n\n\n<h2 class=\"wp-block-heading\">Propri\u00e9t\u00e9 intellectuelle<\/h2>\n\n\n\n<p>Les images utilis\u00e9es sur ce site sont fournies par WordPress (bandeau page d&rsquo;accueil), Unsplash (photo d&rsquo;arbres de Teodor Drobota, photo jeu  de Christopher Paul High) et Smo\u00f6s (lieu de mes consultations).<\/p>\n\n\n\n<h2 class=\"wp-block-heading\">Donn\u00e9es personnelles<\/h2>\n\n\n\n<p>Le site ne collecte ni donn\u00e9es personnelles ni cookies de ses visiteurs (aucun commentaire ne pouvant y \u00eatre d\u00e9pos\u00e9).<\/p>\n\n\n\n<p><\/p>\n","protected":false},"excerpt":{"rendered":"<p>\u00c9diteur du site Ce site est \u00e9dit\u00e9 par Nelly PABOEUFAdresse : 99 Bd Albert 1er &#8211; 33800 BordeauxT\u00e9l\u00e9phone : +33 6 32 67 58 39Num\u00e9ro de SIRET : 98760582100014Courriel : contact@nellypaboeufpsychanalyste.fr H\u00e9bergeur Gandi SAS63, 65 Boulevard Massena75013 ParisFranceTel : +33170377661 Propri\u00e9t\u00e9 intellectuelle Les images utilis\u00e9es sur ce site sont fournies par WordPress (bandeau page d&rsquo;accueil), &hellip; <\/p>\n<p class=\"link-more\"><a href=\"https:\/\/nellypaboeufpsychanalyste.fr\/?page_id=111\" class=\"more-link\">Continuer la lecture<span class=\"screen-reader-text\"> de &laquo;&nbsp;Mentions L\u00e9gales&nbsp;&raquo;<\/span><\/a><\/p>\n","protected":false},"author":1,"featured_media":0,"parent":0,"menu_order":0,"comment_status":"closed","ping_status":"closed","template":"","meta":{"footnotes":""},"class_list":["post-111","page","type-page","status-publish","hentry"],"_links":{"self":[{"href":"https:\/\/nellypaboeufpsychanalyste.fr\/index.php?rest_route=\/wp\/v2\/pages\/111","targetHints":{"allow":["GET"]}}],"collection":[{"href":"https:\/\/nellypaboeufpsychanalyste.fr\/index.php?rest_route=\/wp\/v2\/pages"}],"about":[{"href":"https:\/\/nellypaboeufpsychanalyste.fr\/index.php?rest_route=\/wp\/v2\/types\/page"}],"author":[{"embeddable":true,"href":"https:\/\/nellypaboeufpsychanalyste.fr\/index.php?rest_route=\/wp\/v2\/users\/1"}],"replies":[{"embeddable":true,"href":"https:\/\/nellypaboeufpsychanalyste.fr\/index.php?rest_route=%2Fwp%2Fv2%2Fcomments&post=111"}],"version-history":[{"count":6,"href":"https:\/\/nellypaboeufpsychanalyste.fr\/index.php?rest_route=\/wp\/v2\/pages\/111\/revisions"}],"predecessor-version":[{"id":195,"href":"https:\/\/nellypaboeufpsychanalyste.fr\/index.php?rest_route=\/wp\/v2\/pages\/111\/revisions\/195"}],"wp:attachment":[{"href":"https:\/\/nellypaboeufpsychanalyste.fr\/index.php?rest_route=%2Fwp%2Fv2%2Fmedia&parent=111"}],"curies":[{"name":"wp","href":"https:\/\/api.w.org\/{rel}","templated":true}]}}