{"id":135,"date":"2025-12-30T22:30:38","date_gmt":"2025-12-30T21:30:38","guid":{"rendered":"https:\/\/nellypaboeufpsychanalyste.fr\/?page_id=135"},"modified":"2026-01-04T13:49:49","modified_gmt":"2026-01-04T12:49:49","slug":"therapie-par-le-jeu","status":"publish","type":"page","link":"https:\/\/nellypaboeufpsychanalyste.fr\/?page_id=135","title":{"rendered":"Th\u00e9rapie par le jeu"},"content":{"rendered":"\n<p><strong><mark style=\"background-color:rgba(0, 0, 0, 0)\" class=\"has-inline-color has-luminous-vivid-orange-color\">Ces s\u00e9ances<\/mark><mark style=\"background-color:rgba(0, 0, 0, 0)\" class=\"has-inline-color has-vivid-green-cyan-color\"><\/mark><\/strong> s&rsquo;adressent aux <mark style=\"background-color:rgba(0, 0, 0, 0)\" class=\"has-inline-color has-luminous-vivid-orange-color\"><strong>enfants <\/strong>(2 \u00e0 12 ans)<\/mark>.<\/p>\n\n\n\n<p><strong><mark style=\"background-color:rgba(0, 0, 0, 0)\" class=\"has-inline-color has-luminous-vivid-orange-color\">Comment se d\u00e9roulent-elles et combien co\u00fbtent-elles&nbsp;?<\/mark><\/strong><\/p>\n\n\n\n<p>La th\u00e9rapie par le jeu est une <strong>th\u00e9rapie syst\u00e9mique<\/strong> impliquant les parents et l\u2019enfant. Elle s\u2019exerce dans un cadre clairement d\u00e9fini et explicit\u00e9 par le th\u00e9rapeute.<\/p>\n\n\n\n<p><strong>Le jeu est l\u2019outil th\u00e9rapeutique<\/strong> utilis\u00e9 au cours des s\u00e9ances avec l\u2019enfant.<\/p>\n\n\n\n<ul class=\"wp-block-list\">\n<li><strong>Des s\u00e9ances sp\u00e9cifiquement d\u00e9di\u00e9es aux \u00e9changes avec les parents <\/strong>qui se d\u00e9roulent <strong>sans la pr\u00e9sence de l\u2019enfant.<\/strong> Il s\u2019agit de la premi\u00e8re s\u00e9ance et d\u2019une deuxi\u00e8me s\u00e9ance de restitution.<\/li>\n\n\n\n<li><strong>Des s\u00e9ances individuelles avec l\u2019enfant<\/strong> qui se d\u00e9roulent sans la pr\u00e9sence des parents. Il s\u2019agit de s\u00e9ances d\u2019\u00e9valuation (3-4) pr\u00e9alablement fix\u00e9es et de s\u00e9ances th\u00e9rapeutiques (4 ou plus).<\/li>\n\n\n\n<li><strong>50 \u20ac \/ s\u00e9ance<\/strong>.<\/li>\n\n\n\n<li><strong>Dur\u00e9e s\u00e9ances avec les parents&nbsp;:<\/strong> 1 heure \/ s\u00e9ance.<\/li>\n\n\n\n<li><strong>Dur\u00e9e s\u00e9ances avec l\u2019enfant&nbsp;: <\/strong>30 \u00e0 45\u2019 \/ s\u00e9ance, ajust\u00e9e en fonction de l&rsquo;\u00e2ge de l&rsquo;enfant.<\/li>\n<\/ul>\n\n\n\n<p>Les s\u00e9ances ne sont pas prises en charge par l\u2019Assurance Maladie. Toutefois, certaines mutuelles proposent un forfait annuel pour certaines th\u00e9rapies non prises en charge par l&rsquo;Assurance Maladie (se renseigner aupr\u00e8s de votre compl\u00e9mentaire sant\u00e9).<\/p>\n\n\n\n<p><\/p>\n","protected":false},"excerpt":{"rendered":"<p>Ces s\u00e9ances s&rsquo;adressent aux enfants (2 \u00e0 12 ans). Comment se d\u00e9roulent-elles et combien co\u00fbtent-elles&nbsp;? La th\u00e9rapie par le jeu est une th\u00e9rapie syst\u00e9mique impliquant les parents et l\u2019enfant. Elle s\u2019exerce dans un cadre clairement d\u00e9fini et explicit\u00e9 par le th\u00e9rapeute. Le jeu est l\u2019outil th\u00e9rapeutique utilis\u00e9 au cours des s\u00e9ances avec l\u2019enfant. Les s\u00e9ances &hellip; <\/p>\n<p class=\"link-more\"><a href=\"https:\/\/nellypaboeufpsychanalyste.fr\/?page_id=135\" class=\"more-link\">Continuer la lecture<span class=\"screen-reader-text\"> de &laquo;&nbsp;Th\u00e9rapie par le jeu&nbsp;&raquo;<\/span><\/a><\/p>\n","protected":false},"author":1,"featured_media":168,"parent":0,"menu_order":3,"comment_status":"closed","ping_status":"closed","template":"","meta":{"footnotes":""},"class_list":["post-135","page","type-page","status-publish","has-post-thumbnail","hentry"],"_links":{"self":[{"href":"https:\/\/nellypaboeufpsychanalyste.fr\/index.php?rest_route=\/wp\/v2\/pages\/135","targetHints":{"allow":["GET"]}}],"collection":[{"href":"https:\/\/nellypaboeufpsychanalyste.fr\/index.php?rest_route=\/wp\/v2\/pages"}],"about":[{"href":"https:\/\/nellypaboeufpsychanalyste.fr\/index.php?rest_route=\/wp\/v2\/types\/page"}],"author":[{"embeddable":true,"href":"https:\/\/nellypaboeufpsychanalyste.fr\/index.php?rest_route=\/wp\/v2\/users\/1"}],"replies":[{"embeddable":true,"href":"https:\/\/nellypaboeufpsychanalyste.fr\/index.php?rest_route=%2Fwp%2Fv2%2Fcomments&post=135"}],"version-history":[{"count":6,"href":"https:\/\/nellypaboeufpsychanalyste.fr\/index.php?rest_route=\/wp\/v2\/pages\/135\/revisions"}],"predecessor-version":[{"id":202,"href":"https:\/\/nellypaboeufpsychanalyste.fr\/index.php?rest_route=\/wp\/v2\/pages\/135\/revisions\/202"}],"wp:featuredmedia":[{"embeddable":true,"href":"https:\/\/nellypaboeufpsychanalyste.fr\/index.php?rest_route=\/wp\/v2\/media\/168"}],"wp:attachment":[{"href":"https:\/\/nellypaboeufpsychanalyste.fr\/index.php?rest_route=%2Fwp%2Fv2%2Fmedia&parent=135"}],"curies":[{"name":"wp","href":"https:\/\/api.w.org\/{rel}","templated":true}]}}