{"id":156,"date":"2025-12-31T00:28:57","date_gmt":"2025-12-30T23:28:57","guid":{"rendered":"https:\/\/nellypaboeufpsychanalyste.fr\/?page_id=156"},"modified":"2026-03-17T22:07:04","modified_gmt":"2026-03-17T21:07:04","slug":"qui-suis-je","status":"publish","type":"page","link":"https:\/\/nellypaboeufpsychanalyste.fr\/?page_id=156","title":{"rendered":"Qui suis-je ?"},"content":{"rendered":"<div class=\"wp-block-image\">\n<figure class=\"alignleft size-medium\"><img loading=\"lazy\" decoding=\"async\" width=\"220\" height=\"300\" src=\"https:\/\/nellypaboeufpsychanalyste.fr\/wp-content\/uploads\/2026\/03\/20260222_012258-220x300.jpg\" alt=\"\" class=\"wp-image-213\" srcset=\"https:\/\/nellypaboeufpsychanalyste.fr\/wp-content\/uploads\/2026\/03\/20260222_012258-220x300.jpg 220w, https:\/\/nellypaboeufpsychanalyste.fr\/wp-content\/uploads\/2026\/03\/20260222_012258-752x1024.jpg 752w, https:\/\/nellypaboeufpsychanalyste.fr\/wp-content\/uploads\/2026\/03\/20260222_012258-768x1046.jpg 768w, https:\/\/nellypaboeufpsychanalyste.fr\/wp-content\/uploads\/2026\/03\/20260222_012258-1128x1536.jpg 1128w, https:\/\/nellypaboeufpsychanalyste.fr\/wp-content\/uploads\/2026\/03\/20260222_012258-1504x2048.jpg 1504w, https:\/\/nellypaboeufpsychanalyste.fr\/wp-content\/uploads\/2026\/03\/20260222_012258-scaled.jpg 1880w\" sizes=\"auto, (max-width: 220px) 100vw, 220px\" \/><\/figure>\n<\/div>\n\n\n<p>J\u2019ai d\u00e9but\u00e9 un parcours personnel en psychanalyse il y a une vingtaine d&rsquo;ann\u00e9es. J\u2019ai effectu\u00e9 et valid\u00e9 mon analyse didactique parall\u00e8lement \u00e0 mon cursus th\u00e9orique et pratique. Je suis \u00e9galement toujours accompagn\u00e9e en s\u00e9ance de supervision afin de vous garantir une pratique \u00e9thique et d\u00e9ontologique.<\/p>\n\n\n\n<p>En compl\u00e9ment, je me suis form\u00e9e \u00e0 la Th\u00e9rapie par le jeu (th\u00e9rapie br\u00e8ve et syst\u00e9mique) qui me permet d\u2019accompagner, en s\u00e9ances individuelles autour du jeu, des enfants de 2 \u00e0 12 ans rencontrant des difficult\u00e9s relationnelles ou \u00e9motionnelles afin de les aider \u00e0 les d\u00e9passer et \u00e0 grandir plus sereinement. Cet accompagnement se fait dans le cadre de s\u00e9ances individuelles avec l\u2019enfant en lien avec les parents que je rencontre r\u00e9guli\u00e8rement au cours de rendez-vous qui leur sont sp\u00e9cifiquement d\u00e9di\u00e9s.<\/p>\n\n\n\n<p>Enfin, ma&nbsp;longue&nbsp;exp\u00e9rience&nbsp;professionnelle&nbsp;diversifi\u00e9e&nbsp;au&nbsp;sein de diff\u00e9rentes&nbsp;institutions a enrichi ma pratique de la relation, \u00e0 travers de nombreux&nbsp;accompagnements individuels et collectifs.&nbsp;<\/p>\n\n\n\n<p>Vous&nbsp;h\u00e9sitez&nbsp;encore&nbsp;\u00e0&nbsp;me&nbsp;rencontrer&nbsp;?&nbsp;Contactez-moi pour tous renseignements compl\u00e9mentaires&nbsp;que vous jugerez utiles \u00e0 votre d\u00e9cision.&nbsp;<\/p>\n\n\n\n<p><\/p>\n","protected":false},"excerpt":{"rendered":"<p>J\u2019ai d\u00e9but\u00e9 un parcours personnel en psychanalyse il y a une vingtaine d&rsquo;ann\u00e9es. J\u2019ai effectu\u00e9 et valid\u00e9 mon analyse didactique parall\u00e8lement \u00e0 mon cursus th\u00e9orique et pratique. Je suis \u00e9galement toujours accompagn\u00e9e en s\u00e9ance de supervision afin de vous garantir une pratique \u00e9thique et d\u00e9ontologique. En compl\u00e9ment, je me suis form\u00e9e \u00e0 la Th\u00e9rapie par &hellip; <\/p>\n<p class=\"link-more\"><a href=\"https:\/\/nellypaboeufpsychanalyste.fr\/?page_id=156\" class=\"more-link\">Continuer la lecture<span class=\"screen-reader-text\"> de &laquo;&nbsp;Qui suis-je ?&nbsp;&raquo;<\/span><\/a><\/p>\n","protected":false},"author":1,"featured_media":0,"parent":0,"menu_order":0,"comment_status":"closed","ping_status":"closed","template":"","meta":{"footnotes":""},"class_list":["post-156","page","type-page","status-publish","hentry"],"_links":{"self":[{"href":"https:\/\/nellypaboeufpsychanalyste.fr\/index.php?rest_route=\/wp\/v2\/pages\/156","targetHints":{"allow":["GET"]}}],"collection":[{"href":"https:\/\/nellypaboeufpsychanalyste.fr\/index.php?rest_route=\/wp\/v2\/pages"}],"about":[{"href":"https:\/\/nellypaboeufpsychanalyste.fr\/index.php?rest_route=\/wp\/v2\/types\/page"}],"author":[{"embeddable":true,"href":"https:\/\/nellypaboeufpsychanalyste.fr\/index.php?rest_route=\/wp\/v2\/users\/1"}],"replies":[{"embeddable":true,"href":"https:\/\/nellypaboeufpsychanalyste.fr\/index.php?rest_route=%2Fwp%2Fv2%2Fcomments&post=156"}],"version-history":[{"count":5,"href":"https:\/\/nellypaboeufpsychanalyste.fr\/index.php?rest_route=\/wp\/v2\/pages\/156\/revisions"}],"predecessor-version":[{"id":214,"href":"https:\/\/nellypaboeufpsychanalyste.fr\/index.php?rest_route=\/wp\/v2\/pages\/156\/revisions\/214"}],"wp:attachment":[{"href":"https:\/\/nellypaboeufpsychanalyste.fr\/index.php?rest_route=%2Fwp%2Fv2%2Fmedia&parent=156"}],"curies":[{"name":"wp","href":"https:\/\/api.w.org\/{rel}","templated":true}]}}