{"id":61,"date":"2025-12-30T15:45:07","date_gmt":"2025-12-30T14:45:07","guid":{"rendered":"https:\/\/nellypaboeufpsychanalyste.fr\/?page_id=61"},"modified":"2026-03-22T08:54:51","modified_gmt":"2026-03-22T07:54:51","slug":"accueil","status":"publish","type":"page","link":"https:\/\/nellypaboeufpsychanalyste.fr\/","title":{"rendered":"Accueil"},"content":{"rendered":"\n<p>Form\u00e9e par l&rsquo;<strong><a href=\"https:\/\/formation-psychanalyse-bordeaux.fr\/\" data-type=\"link\" data-id=\"https:\/\/formation-psychanalyse-bordeaux.fr\/\">Institut Freudien de Psychanalyse de Bordeaux<\/a><\/strong> (IFPB) et autoris\u00e9e \u00e0 exercer en tant que psychanalyste par la <strong><a href=\"https:\/\/federationpsychanalyse.fr\/\" data-type=\"link\" data-id=\"https:\/\/federationpsychanalyse.fr\/\">F\u00e9d\u00e9ration Freudienne de Psychanalyse<\/a><\/strong> (FFDP), j\u2019exerce dans le respect de son Code de d\u00e9ontologie. Je suis \u00e9galement form\u00e9e \u00e0 la <strong><a href=\"https:\/\/www.therapie-par-le-jeu.fr\/\" data-type=\"link\" data-id=\"https:\/\/www.therapie-par-le-jeu.fr\/\">Th\u00e9rapie par le jeu<\/a><\/strong> (th\u00e9rapie br\u00e8ve et syst\u00e9mique).<\/p>\n\n\n\n<p>J&rsquo;accueille et j&rsquo;accompagne&nbsp;des&nbsp;<strong>adultes<\/strong>, des&nbsp;<strong>adolescents<\/strong> et des&nbsp;<strong>enfants<\/strong> (2 \u00e0 12 ans) dans le respect de la singularit\u00e9 de chacun,&nbsp;au sein d&rsquo;un espace de parole, d&rsquo;\u00e9coute et de compr\u00e9hension,&nbsp;dans un cadre s\u00e9curis\u00e9 et bienveillant.<\/p>\n\n\n\n<p>Je vous propose de nous rencontrer lors d\u2019une premi\u00e8re s\u00e9ance qui nous permettra de faire connaissance. Je vous inviterai \u00e0 exprimer librement la ou les probl\u00e9matiques qui vous ont conduit \u00e0 me rencontrer ainsi que vos attentes afin de d\u00e9cider si l\u2019approche et l\u2019accompagnement que je vous propose peuvent vous convenir. Si c\u2019est le cas, je vous exposerai et vous proposerai les modalit\u00e9s du suivi que nous pourrons mettre en place.<\/p>\n\n\n\n<blockquote class=\"wp-block-quote is-layout-flow wp-block-quote-is-layout-flow\">\n<p><strong><em>\u00ab&nbsp;Une psychanalyse est une rencontre&nbsp;\u00bb<\/em> <\/strong>Jean-Pierre WINTER (1951-2025)<\/p>\n<\/blockquote>\n\n\n\n<h2 class=\"wp-block-heading\"><strong>Pour qui et quand&nbsp;choisir l&rsquo;accompagnement&nbsp;que je vous propose&nbsp;?<\/strong><\/h2>\n\n\n\n<h3 class=\"wp-block-heading\"><strong><mark style=\"background-color:rgba(0, 0, 0, 0)\" class=\"has-inline-color has-vivid-green-cyan-color\">Adultes &amp; adolescents<\/mark><\/strong><\/h3>\n\n\n\n<ul class=\"wp-block-list\">\n<li>Vous souhaitez vous lib\u00e9rer de difficult\u00e9s durables \u2013 <strong>anxi\u00e9t\u00e9, angoisse, phobies, troubles du sommeil, troubles musculaires, fatigue\u2026<\/strong> \u2013 ou passag\u00e8res, li\u00e9es \u00e0 <strong>une s\u00e9paration, une perte, un deuil<\/strong>&#8230; et qui vous font souffrir ?&nbsp;<\/li>\n\n\n\n<li>Vous avez l&rsquo;impression de <em><strong>\u00ab <\/strong><\/em><strong>passer \u00e0 c\u00f4t\u00e9 de votre vie&nbsp;\u00bb<\/strong> comme si quelque chose vous entravait, dans <strong>un mal-\u00eatre g\u00e9n\u00e9ral<\/strong> qui vous emp\u00eache de la vivre pleinement ?<\/li>\n\n\n\n<li>Vous ou votre enfant rencontrez des probl\u00e9matiques&nbsp;li\u00e9es \u00e0 une p\u00e9riode sp\u00e9cifique de la&nbsp;vie, <strong>l&rsquo;adolescence<\/strong> notamment (troubles du comportement alimentaire, phobie scolaire, anxi\u00e9t\u00e9 g\u00e9n\u00e9ralis\u00e9e, inhibition,&nbsp;agressivit\u00e9,&nbsp;addictions&#8230;)&nbsp;?&nbsp;<\/li>\n\n\n\n<li>La psychanalyse vous permet d\u2019explorer l\u2019origine profonde de vos difficult\u00e9s, de comprendre les m\u00e9canismes inconscients qui vous entravent afin de vous en lib\u00e9rer et vous apporter un r\u00e9el mieux-\u00eatre en donnant un sens authentiquement renouvel\u00e9 \u00e0 votre vie.<\/li>\n<\/ul>\n\n\n\n<blockquote class=\"wp-block-quote is-layout-flow wp-block-quote-is-layout-flow\">\n<p><em>\u00ab&nbsp;La psychanalyse, c\u2019est aider les gens \u00e0 devenir ce qu\u2019ils sont&nbsp;\u00bb \u2013 Fran\u00e7oise DOLTO (1908-1988)<\/em><\/p>\n<\/blockquote>\n\n\n\n<h3 class=\"wp-block-heading\"><mark><mark style=\"background-color:#ffffff\" class=\"has-inline-color has-luminous-vivid-orange-color\"><strong>Enfants (de 2 \u00e0 12 ans)<\/strong><\/mark><\/mark><\/h3>\n\n\n\n<ul class=\"wp-block-list\">\n<li>Votre enfant rencontre des difficult\u00e9s d&rsquo;ordre \u00e9motionnel ou relationnel&nbsp;qui se manifestent&nbsp;dans le cadre familial et\/ou scolaire \u2013 <strong>agressivit\u00e9,&nbsp;inhibition, phobies,&nbsp;cauchemars, \u00e9nur\u00e9sie..<\/strong><em><strong>.<\/strong><\/em><mark style=\"background-color:rgba(0, 0, 0, 0)\" class=\"has-inline-color has-pale-cyan-blue-color\"> <\/mark>\u2013 et&nbsp;qui n\u00e9cessitent une prise en charge syst\u00e9mique avec&nbsp;un accompagnement.<\/li>\n\n\n\n<li>Ma formation et ma pratique de&nbsp;la Th\u00e9rapie par le jeu (th\u00e9rapie br\u00e8ve et syst\u00e9mique)&nbsp;me permettent&nbsp;de vous accompagner, vous et votre enfant, afin qu&rsquo;il puisse&nbsp;d\u00e9passer ses difficult\u00e9s et&nbsp;grandir plus sereinement.<\/li>\n<\/ul>\n","protected":false},"excerpt":{"rendered":"<p>Form\u00e9e par l&rsquo;Institut Freudien de Psychanalyse de Bordeaux (IFPB) et autoris\u00e9e \u00e0 exercer en tant que psychanalyste par la F\u00e9d\u00e9ration Freudienne de Psychanalyse (FFDP), j\u2019exerce dans le respect de son Code de d\u00e9ontologie. Je suis \u00e9galement form\u00e9e \u00e0 la Th\u00e9rapie par le jeu (th\u00e9rapie br\u00e8ve et syst\u00e9mique). J&rsquo;accueille et j&rsquo;accompagne&nbsp;des&nbsp;adultes, des&nbsp;adolescents et des&nbsp;enfants (2 \u00e0 &hellip; <\/p>\n<p class=\"link-more\"><a href=\"https:\/\/nellypaboeufpsychanalyste.fr\/\" class=\"more-link\">Continuer la lecture<span class=\"screen-reader-text\"> de &laquo;&nbsp;Accueil&nbsp;&raquo;<\/span><\/a><\/p>\n","protected":false},"author":1,"featured_media":0,"parent":0,"menu_order":0,"comment_status":"closed","ping_status":"closed","template":"","meta":{"footnotes":""},"class_list":["post-61","page","type-page","status-publish","hentry"],"_links":{"self":[{"href":"https:\/\/nellypaboeufpsychanalyste.fr\/index.php?rest_route=\/wp\/v2\/pages\/61","targetHints":{"allow":["GET"]}}],"collection":[{"href":"https:\/\/nellypaboeufpsychanalyste.fr\/index.php?rest_route=\/wp\/v2\/pages"}],"about":[{"href":"https:\/\/nellypaboeufpsychanalyste.fr\/index.php?rest_route=\/wp\/v2\/types\/page"}],"author":[{"embeddable":true,"href":"https:\/\/nellypaboeufpsychanalyste.fr\/index.php?rest_route=\/wp\/v2\/users\/1"}],"replies":[{"embeddable":true,"href":"https:\/\/nellypaboeufpsychanalyste.fr\/index.php?rest_route=%2Fwp%2Fv2%2Fcomments&post=61"}],"version-history":[{"count":19,"href":"https:\/\/nellypaboeufpsychanalyste.fr\/index.php?rest_route=\/wp\/v2\/pages\/61\/revisions"}],"predecessor-version":[{"id":218,"href":"https:\/\/nellypaboeufpsychanalyste.fr\/index.php?rest_route=\/wp\/v2\/pages\/61\/revisions\/218"}],"wp:attachment":[{"href":"https:\/\/nellypaboeufpsychanalyste.fr\/index.php?rest_route=%2Fwp%2Fv2%2Fmedia&parent=61"}],"curies":[{"name":"wp","href":"https:\/\/api.w.org\/{rel}","templated":true}]}}