{"id":63,"date":"2025-12-30T15:45:07","date_gmt":"2025-12-30T14:45:07","guid":{"rendered":"https:\/\/nellypaboeufpsychanalyste.fr\/?page_id=63"},"modified":"2026-03-17T22:42:00","modified_gmt":"2026-03-17T21:42:00","slug":"contact","status":"publish","type":"page","link":"https:\/\/nellypaboeufpsychanalyste.fr\/?page_id=63","title":{"rendered":"Informations pratiques"},"content":{"rendered":"\n<h2 class=\"wp-block-heading\">Les consultations<\/h2>\n\n\n\n<ul class=\"wp-block-list\">\n<li>J&rsquo;accueille mes patients, <strong>uniquement sur rendez-vous<\/strong>, sur <strong>Bordeaux<\/strong> et <strong>M\u00e9rignac<\/strong> :\n<ul class=\"wp-block-list\">\n<li><strong>du lundi au samedi,<\/strong> je peux vous recevoir au <strong>137 cours de l&rsquo;Yser<\/strong> (Smo\u00f6s), <strong>\u00e0 Bordeaux<\/strong> (33800) . Les lignes de bus 5 et 23 s&rsquo;arr\u00eatent \u00e0 proximit\u00e9 de Smo\u00f6s (arr\u00eat Kyri\u00e9 \u00e0 hauteur du 171 cours de l&rsquo;Yser et arr\u00eat Lafontaine \u00e0 hauteur du 96 cours de l&rsquo;Yser). Il est \u00e9galement possible de stationner dans la rue.<\/li>\n\n\n\n<li><strong>le vendredi<\/strong>, je peux vous recevoir au <strong>2 rue Raoul Ponchon \u00e0 M\u00e9rignac<\/strong> (stationnement gratuit).<\/li>\n<\/ul>\n<\/li>\n<\/ul>\n\n\n\n<h2 class=\"wp-block-heading\">Me contacter ou prendre rendez-vous<\/h2>\n\n\n\n<ul class=\"wp-block-list\">\n<li>Par t\u00e9l\u00e9phone : 06 32 67 58 39<\/li>\n\n\n\n<li>Par courriel : contact@nellypaboeufpsychanalyste.fr<\/li>\n<\/ul>\n\n\n\n<div id=\"box\" align=\"center\"><a rel=\"nofollow\" href=\"https:\/\/www.psychologue.net\/cabinets\/nelly-paboeuf?utm_source=472251&#038;utm_medium=widget&#038;utm_campaign=widget-company_stamp\" target=\"_blank\" ><img decoding=\"async\" src=\"https:\/\/www.psychologue.net\/stamp.xpng?com=472251&#038;v=10\" alt=\"Nelly Paboeuf\" border=\"0\" \/><\/a><\/div>\n\n\n\n<p><\/p>\n\n\n\n<p><\/p>\n","protected":false},"excerpt":{"rendered":"<p>Les consultations Me contacter ou prendre rendez-vous<\/p>\n","protected":false},"author":1,"featured_media":32,"parent":0,"menu_order":0,"comment_status":"closed","ping_status":"closed","template":"","meta":{"footnotes":""},"class_list":["post-63","page","type-page","status-publish","has-post-thumbnail","hentry"],"_links":{"self":[{"href":"https:\/\/nellypaboeufpsychanalyste.fr\/index.php?rest_route=\/wp\/v2\/pages\/63","targetHints":{"allow":["GET"]}}],"collection":[{"href":"https:\/\/nellypaboeufpsychanalyste.fr\/index.php?rest_route=\/wp\/v2\/pages"}],"about":[{"href":"https:\/\/nellypaboeufpsychanalyste.fr\/index.php?rest_route=\/wp\/v2\/types\/page"}],"author":[{"embeddable":true,"href":"https:\/\/nellypaboeufpsychanalyste.fr\/index.php?rest_route=\/wp\/v2\/users\/1"}],"replies":[{"embeddable":true,"href":"https:\/\/nellypaboeufpsychanalyste.fr\/index.php?rest_route=%2Fwp%2Fv2%2Fcomments&post=63"}],"version-history":[{"count":14,"href":"https:\/\/nellypaboeufpsychanalyste.fr\/index.php?rest_route=\/wp\/v2\/pages\/63\/revisions"}],"predecessor-version":[{"id":217,"href":"https:\/\/nellypaboeufpsychanalyste.fr\/index.php?rest_route=\/wp\/v2\/pages\/63\/revisions\/217"}],"wp:featuredmedia":[{"embeddable":true,"href":"https:\/\/nellypaboeufpsychanalyste.fr\/index.php?rest_route=\/wp\/v2\/media\/32"}],"wp:attachment":[{"href":"https:\/\/nellypaboeufpsychanalyste.fr\/index.php?rest_route=%2Fwp%2Fv2%2Fmedia&parent=63"}],"curies":[{"name":"wp","href":"https:\/\/api.w.org\/{rel}","templated":true}]}}